{"id":561,"date":"2013-10-04T20:03:26","date_gmt":"2013-10-04T20:03:26","guid":{"rendered":"http:\/\/heidesch.de\/blog\/?page_id=561"},"modified":"2015-10-13T09:44:54","modified_gmt":"2015-10-13T09:44:54","slug":"kultur-sahen-und-ernten","status":"publish","type":"page","link":"https:\/\/heidesch.de\/blog\/?page_id=561","title":{"rendered":"Kultivierung"},"content":{"rendered":"<p><strong>Auf das der Blog gedeihe! <\/strong>Interesse an\u00a0<strong><span style=\"color: #2aa020;\">Nice Subjects Smart Objects<\/span><\/strong>\u00a0mitzuwerkeln? Dann herzlich Willkommen beim Kultivieren!<\/p>\n<p><em>eher draussen | Inhalt<\/em><br \/>\nWenn\u00a0Du vor der Ver\u00f6ffentlichung eines Eintrages korrigieren und \u00c4nderungsvorschl\u00e4ge geben m\u00f6chtest oder selber als <em>Autor<\/em> einen Artikel in einer der Kategorien ver\u00f6ffentlichen willst<span class=\"Apple-style-span\" style=\"line-height: 14px;\">, melde Dich einfach \u00fcber das Kontaktformular unten.<\/span><\/p>\n<p><em>eher drinnen | Technik<\/em><br \/>\nWerkstatt-Werkelei: PHP- und CSS-Dateien anpassen, schnittige Plugins auftreiben und anpassen, <em>aktuell<\/em>: ein ansprechendes Bildkonzept erstellen und umsetzen&#8230;<br \/>\nKannst Dich hier gerne austoben. <em>W\u00fcrd ma quasi freuen!\u00a0<\/em><\/p>\n<p><strong>Nice You Smart You! Sch\u00f6n Du Klug Du! Bonito T\u00fa Listo T\u00fa!\u00a0<\/strong><\/p>\n","protected":false},"excerpt":{"rendered":"<p>Auf das der Blog gedeihe! Interesse an\u00a0Nice Subjects Smart Objects\u00a0mitzuwerkeln? Dann herzlich Willkommen beim Kultivieren! eher draussen | Inhalt Wenn\u00a0Du vor der Ver\u00f6ffentlichung eines Eintrages korrigieren und \u00c4nderungsvorschl\u00e4ge geben m\u00f6chtest oder selber als Autor einen Artikel in einer der Kategorien ver\u00f6ffentlichen willst, melde Dich einfach \u00fcber das Kontaktformular unten. eher drinnen | Technik Werkstatt-Werkelei: PHP- [&hellip;]<\/p>\n","protected":false},"author":1,"featured_media":0,"parent":0,"menu_order":2,"comment_status":"open","ping_status":"closed","template":"","meta":{"footnotes":""},"class_list":["post-561","page","type-page","status-publish","hentry"],"_links":{"self":[{"href":"https:\/\/heidesch.de\/blog\/index.php?rest_route=\/wp\/v2\/pages\/561","targetHints":{"allow":["GET"]}}],"collection":[{"href":"https:\/\/heidesch.de\/blog\/index.php?rest_route=\/wp\/v2\/pages"}],"about":[{"href":"https:\/\/heidesch.de\/blog\/index.php?rest_route=\/wp\/v2\/types\/page"}],"author":[{"embeddable":true,"href":"https:\/\/heidesch.de\/blog\/index.php?rest_route=\/wp\/v2\/users\/1"}],"replies":[{"embeddable":true,"href":"https:\/\/heidesch.de\/blog\/index.php?rest_route=%2Fwp%2Fv2%2Fcomments&post=561"}],"version-history":[{"count":21,"href":"https:\/\/heidesch.de\/blog\/index.php?rest_route=\/wp\/v2\/pages\/561\/revisions"}],"predecessor-version":[{"id":4313,"href":"https:\/\/heidesch.de\/blog\/index.php?rest_route=\/wp\/v2\/pages\/561\/revisions\/4313"}],"wp:attachment":[{"href":"https:\/\/heidesch.de\/blog\/index.php?rest_route=%2Fwp%2Fv2%2Fmedia&parent=561"}],"curies":[{"name":"wp","href":"https:\/\/api.w.org\/{rel}","templated":true}]}}