{"id":4860,"date":"2015-10-13T09:30:17","date_gmt":"2015-10-13T09:30:17","guid":{"rendered":"http:\/\/heidesch.de\/blog\/?page_id=4860"},"modified":"2018-10-09T16:56:54","modified_gmt":"2018-10-09T16:56:54","slug":"blogroll","status":"publish","type":"page","link":"https:\/\/heidesch.de\/blog\/?page_id=4860","title":{"rendered":"Blogroll"},"content":{"rendered":"<p><a href=\"http:\/\/www.shewalkstheearth.com\/the-contribution.html\" target=\"_blank\" rel=\"noopener\">She Walks The Earth<\/a> | gehen, einfach gehen<br \/>\n<a href=\"http:\/\/www.velofahren.de\/asien.html\" target=\"_blank\" rel=\"noopener\">Berichte von Fahrradtouren<\/a> | all around the world &#8211; u. a. von <a href=\"https:\/\/www.betzgi.ch\/de\/\" target=\"_blank\" rel=\"noopener\">Betzgi<\/a><\/p>\n<hr>\n<p><a href=\"http:\/\/www.abandonedberlin.com\/\">Abandoned Berlin<\/a> | IF IT&#8217;S VERBOTEN IT&#8217;S GOT TO BE FUN<br \/>\n<a href=\"http:\/\/digitalcosmonaut.com\/about\/\">Digital Cosmonaut<\/a> | 111 Places in Berlin<br \/>\n<a href=\"http:\/\/www.exurban.de\" target=\"_blank\" rel=\"noopener\">Exurban<\/a>&nbsp;| Hanne und Tanja aus Berlin kommen rum (zZ under construction)<br \/>\n<a href=\"http:\/\/www.neukoellner.net\/\">Neuk\u00f6llner.net<\/a> | Dialektik aus Neuk\u00f6lln<\/p>\n<hr>\n<p><a href=\"http:\/\/fraufreitag.wordpress.com\/\">Frau Freitag<\/a> | Noten k\u00f6nnen auch schlecht sein<br \/>\n<a href=\"http:\/\/frlkrise.wordpress.com\/\">frl. krise interveniert<\/a> | &#8230;an der Borderline<br \/>\n<a href=\"http:\/\/kunstlehrerin.wordpress.com\/\">kunstkrempel<\/a> | Schule und Kunst und anderer Krempel<\/p>\n<hr>\n<p><a href=\"http:\/\/www.stefan-niggemeier.de\/\">Stefan Niggemeier<\/a> | Medienjournalist<br \/>\n<a href=\"http:\/\/blog.fefe.de\/\" target=\"_blank\" rel=\"noopener\">Fefes Blog<\/a> | Watchblog von&nbsp;Felix von Leitner<br \/>\n<a href=\"http:\/\/wirres.net\/\">wirres.net<\/a> | fachblog f\u00fcr irrelevanz von Fel<em>ix<\/em> Schwenzel<\/p>\n<p><strong>Blogs I like! <\/strong>\u00dcber das t\u00e4gliche Allerlei &#8211; Berliner Schaupl\u00e4tze, kurze und weite Wege, die Kunst <em>in<\/em> der Schule, Medienkritik&#8230;<\/p>\n","protected":false},"excerpt":{"rendered":"<p>She Walks The Earth | gehen, einfach gehen Berichte von Fahrradtouren | all around the world &#8211; u. a. von Betzgi Abandoned Berlin | IF IT&#8217;S VERBOTEN IT&#8217;S GOT TO BE FUN Digital Cosmonaut | 111 Places in Berlin Exurban&nbsp;| Hanne und Tanja aus Berlin kommen rum (zZ under construction) Neuk\u00f6llner.net | Dialektik aus Neuk\u00f6lln [&hellip;]<\/p>\n","protected":false},"author":2,"featured_media":0,"parent":0,"menu_order":3,"comment_status":"closed","ping_status":"closed","template":"","meta":{"footnotes":""},"class_list":["post-4860","page","type-page","status-publish","hentry"],"_links":{"self":[{"href":"https:\/\/heidesch.de\/blog\/index.php?rest_route=\/wp\/v2\/pages\/4860","targetHints":{"allow":["GET"]}}],"collection":[{"href":"https:\/\/heidesch.de\/blog\/index.php?rest_route=\/wp\/v2\/pages"}],"about":[{"href":"https:\/\/heidesch.de\/blog\/index.php?rest_route=\/wp\/v2\/types\/page"}],"author":[{"embeddable":true,"href":"https:\/\/heidesch.de\/blog\/index.php?rest_route=\/wp\/v2\/users\/2"}],"replies":[{"embeddable":true,"href":"https:\/\/heidesch.de\/blog\/index.php?rest_route=%2Fwp%2Fv2%2Fcomments&post=4860"}],"version-history":[{"count":32,"href":"https:\/\/heidesch.de\/blog\/index.php?rest_route=\/wp\/v2\/pages\/4860\/revisions"}],"predecessor-version":[{"id":6075,"href":"https:\/\/heidesch.de\/blog\/index.php?rest_route=\/wp\/v2\/pages\/4860\/revisions\/6075"}],"wp:attachment":[{"href":"https:\/\/heidesch.de\/blog\/index.php?rest_route=%2Fwp%2Fv2%2Fmedia&parent=4860"}],"curies":[{"name":"wp","href":"https:\/\/api.w.org\/{rel}","templated":true}]}}