{"id":40,"date":"2013-09-06T17:49:50","date_gmt":"2013-09-06T17:49:50","guid":{"rendered":"http:\/\/localhost:8888\/wordpress\/?page_id=40"},"modified":"2015-10-13T09:44:50","modified_gmt":"2015-10-13T09:44:50","slug":"mission","status":"publish","type":"page","link":"https:\/\/heidesch.de\/blog\/?page_id=40","title":{"rendered":"Mission"},"content":{"rendered":"<p>Liebe Freunde der hingeworfenen Idee,<\/p>\n<p>ich begr\u00fc\u00dfe Euch auf den Seiten des Blogs <strong><span style=\"color: #2aa020;\">Nice Subjects Smart Objects<\/span><\/strong>!<\/p>\n<p>Ihr werdet hier zumeist spontan formulierte Beitr\u00e4ge in Worten und Bildern finden &#8211; ein pers\u00f6nliches Blog-Blitzgewitter. Zuweilen auch nur &#8216;nen anst\u00e4ndigen Landregen. Scheinen Euch die Beitr\u00e4ge mal nicht sprachlich oder bildlich raffiniert und kompositorisch\u00a0durchdacht, seit so gn\u00e4dig und schiebt es auf die Zeit. Die war dann so. Ich bin gespannt,\u00a0<em>was zeitlos bleibt<\/em>.<\/p>\n<p><strong>zu mir | Person<\/strong><br \/>\nMit einem Gewicht von 3.650 Gramm ging ich 1974 ins Rennen. Bezeugt sind aus der Kindheit diverse Tuberkulose-und Pockenschutzimpfungen, Impfungen gegen Diphterie, Keuchhusten und Wundstarrkrampf sowie eine Immunisierung gegen Kinderl\u00e4hmung. Der Hang zum Impfen ist mit der Zeit in den Hintergrund getreten und damit sei auch schon das Wichtigste \u00fcber meine Person an dieser Stelle berichtet.<\/p>\n<p><strong>zu euch | Danke<\/strong><br \/>\nDaniel, vielen Dank f\u00fcr den Titel des Blogs, ein genialer Wortmix!\u00a0Und \u2013 noch vor der Anrede \u2013 an\u00a0Euch, meine wohlwollenden Leser! F\u00fcr Eure Inspiration, Lobpreisungen und kritischen Erwiderungen! Kontakt jibbed unten.<\/p>\n<p>Herzlich gegr\u00fc\u00dft!<br \/>\n<span class=\"Apple-style-span\" style=\"line-height: 24px;\"><span class=\"Apple-style-span\" style=\"line-height: 24px;\"> Heide Schmidt<\/span><\/span><\/p>\n<div><a href=\"http:\/\/heidesch.de\/blog\/wp-content\/uploads\/2013\/09\/HeideFlashFace1.png\"><img loading=\"lazy\" decoding=\"async\" class=\"alignnone size-full wp-image-550\" src=\"http:\/\/heidesch.de\/blog\/wp-content\/uploads\/2013\/09\/HeideFlashFace1.png\" alt=\"HeideFlashFace\" width=\"185\" height=\"95\" \/><\/a><\/div>\n","protected":false},"excerpt":{"rendered":"<p>Liebe Freunde der hingeworfenen Idee, ich begr\u00fc\u00dfe Euch auf den Seiten des Blogs Nice Subjects Smart Objects! Ihr werdet hier zumeist spontan formulierte Beitr\u00e4ge in Worten und Bildern finden &#8211; ein pers\u00f6nliches Blog-Blitzgewitter. Zuweilen auch nur &#8216;nen anst\u00e4ndigen Landregen. Scheinen Euch die Beitr\u00e4ge mal nicht sprachlich oder bildlich raffiniert und kompositorisch\u00a0durchdacht, seit so gn\u00e4dig und [&hellip;]<\/p>\n","protected":false},"author":1,"featured_media":0,"parent":0,"menu_order":1,"comment_status":"open","ping_status":"closed","template":"","meta":{"footnotes":""},"class_list":["post-40","page","type-page","status-publish","hentry"],"_links":{"self":[{"href":"https:\/\/heidesch.de\/blog\/index.php?rest_route=\/wp\/v2\/pages\/40","targetHints":{"allow":["GET"]}}],"collection":[{"href":"https:\/\/heidesch.de\/blog\/index.php?rest_route=\/wp\/v2\/pages"}],"about":[{"href":"https:\/\/heidesch.de\/blog\/index.php?rest_route=\/wp\/v2\/types\/page"}],"author":[{"embeddable":true,"href":"https:\/\/heidesch.de\/blog\/index.php?rest_route=\/wp\/v2\/users\/1"}],"replies":[{"embeddable":true,"href":"https:\/\/heidesch.de\/blog\/index.php?rest_route=%2Fwp%2Fv2%2Fcomments&post=40"}],"version-history":[{"count":14,"href":"https:\/\/heidesch.de\/blog\/index.php?rest_route=\/wp\/v2\/pages\/40\/revisions"}],"predecessor-version":[{"id":4311,"href":"https:\/\/heidesch.de\/blog\/index.php?rest_route=\/wp\/v2\/pages\/40\/revisions\/4311"}],"wp:attachment":[{"href":"https:\/\/heidesch.de\/blog\/index.php?rest_route=%2Fwp%2Fv2%2Fmedia&parent=40"}],"curies":[{"name":"wp","href":"https:\/\/api.w.org\/{rel}","templated":true}]}}